{"id":1205,"date":"2023-01-05T08:55:25","date_gmt":"2023-01-05T08:55:25","guid":{"rendered":"https:\/\/www.project-kaay.de\/?page_id=1205"},"modified":"2026-01-07T17:37:36","modified_gmt":"2026-01-07T17:37:36","slug":"wir","status":"publish","type":"page","link":"https:\/\/www.project-kaay.de\/en\/wir\/","title":{"rendered":"We"},"content":{"rendered":"<div data-elementor-type=\"wp-page\" data-elementor-id=\"1205\" class=\"elementor elementor-1205\">\n\t\t\t\t\t\t\t\t\t<section class=\"elementor-section elementor-top-section elementor-element elementor-element-e5af52a elementor-section-boxed elementor-section-height-default elementor-section-height-default\" data-id=\"e5af52a\" data-element_type=\"section\">\n\t\t\t\t\t\t<div class=\"elementor-container elementor-column-gap-default\">\n\t\t\t\t\t<div class=\"elementor-column elementor-col-100 elementor-top-column elementor-element elementor-element-eaf907b\" data-id=\"eaf907b\" data-element_type=\"column\">\n\t\t\t<div class=\"elementor-widget-wrap elementor-element-populated\">\n\t\t\t\t\t\t\t\t<div class=\"elementor-element elementor-element-0e73acc elementor-widget elementor-widget-spacer\" data-id=\"0e73acc\" data-element_type=\"widget\" data-widget_type=\"spacer.default\">\n\t\t\t\t<div class=\"elementor-widget-container\">\n\t\t\t<style>\/*! elementor - v3.8.1 - 13-11-2022 *\/\n.elementor-column .elementor-spacer-inner{height:var(--spacer-size)}.e-con{--container-widget-width:100%}.e-con-inner>.elementor-widget-spacer,.e-con>.elementor-widget-spacer{width:var(--container-widget-width,var(--spacer-size));-ms-flex-item-align:stretch;align-self:stretch;-ms-flex-negative:0;flex-shrink:0}.e-con-inner>.elementor-widget-spacer>.elementor-widget-container,.e-con-inner>.elementor-widget-spacer>.elementor-widget-container>.elementor-spacer,.e-con>.elementor-widget-spacer>.elementor-widget-container,.e-con>.elementor-widget-spacer>.elementor-widget-container>.elementor-spacer{height:100%}.e-con-inner>.elementor-widget-spacer>.elementor-widget-container>.elementor-spacer>.elementor-spacer-inner,.e-con>.elementor-widget-spacer>.elementor-widget-container>.elementor-spacer>.elementor-spacer-inner{height:var(--container-widget-height,var(--spacer-size))}<\/style>\t\t<div class=\"elementor-spacer\">\n\t\t\t<div class=\"elementor-spacer-inner\"><\/div>\n\t\t<\/div>\n\t\t\t\t<\/div>\n\t\t\t\t<\/div>\n\t\t\t\t\t<\/div>\n\t\t<\/div>\n\t\t\t\t\t\t\t<\/div>\n\t\t<\/section>\n\t\t\t\t<section class=\"elementor-section elementor-top-section elementor-element elementor-element-d6e0151 elementor-section-boxed elementor-section-height-default elementor-section-height-default\" data-id=\"d6e0151\" data-element_type=\"section\" data-settings=\"{&quot;background_background&quot;:&quot;classic&quot;}\">\n\t\t\t\t\t\t<div class=\"elementor-container elementor-column-gap-default\">\n\t\t\t\t\t<div class=\"elementor-column elementor-col-100 elementor-top-column elementor-element elementor-element-896e15b\" data-id=\"896e15b\" data-element_type=\"column\">\n\t\t\t<div class=\"elementor-widget-wrap elementor-element-populated\">\n\t\t\t\t\t\t\t\t<div class=\"elementor-element elementor-element-5bf558e elementor-widget elementor-widget-heading\" data-id=\"5bf558e\" data-element_type=\"widget\" data-widget_type=\"heading.default\">\n\t\t\t\t<div class=\"elementor-widget-container\">\n\t\t\t<style>\/*! elementor - v3.8.1 - 13-11-2022 *\/\n.elementor-heading-title{padding:0;margin:0;line-height:1}.elementor-widget-heading .elementor-heading-title[class*=elementor-size-]>a{color:inherit;font-size:inherit;line-height:inherit}.elementor-widget-heading .elementor-heading-title.elementor-size-small{font-size:15px}.elementor-widget-heading .elementor-heading-title.elementor-size-medium{font-size:19px}.elementor-widget-heading .elementor-heading-title.elementor-size-large{font-size:29px}.elementor-widget-heading .elementor-heading-title.elementor-size-xl{font-size:39px}.elementor-widget-heading .elementor-heading-title.elementor-size-xxl{font-size:59px}<\/style><h1 class=\"elementor-heading-title elementor-size-default\">WE<\/h1>\t\t<\/div>\n\t\t\t\t<\/div>\n\t\t\t\t<div class=\"elementor-element elementor-element-4f34829 elementor-widget elementor-widget-image\" data-id=\"4f34829\" data-element_type=\"widget\" data-widget_type=\"image.default\">\n\t\t\t\t<div class=\"elementor-widget-container\">\n\t\t\t<style>\/*! elementor - v3.8.1 - 13-11-2022 *\/\n.elementor-widget-image{text-align:center}.elementor-widget-image a{display:inline-block}.elementor-widget-image a img[src$=\".svg\"]{width:48px}.elementor-widget-image img{vertical-align:middle;display:inline-block}<\/style>\t\t\t\t\t\t\t\t\t\t\t\t<img loading=\"lazy\" decoding=\"async\" width=\"768\" height=\"52\" src=\"https:\/\/www.project-kaay.de\/wp-content\/uploads\/2023\/01\/Verbindung_Strich_cropped-768x52.png\" class=\"attachment-medium_large size-medium_large\" alt=\"\" srcset=\"https:\/\/www.project-kaay.de\/wp-content\/uploads\/2023\/01\/Verbindung_Strich_cropped-768x52.png 768w, https:\/\/www.project-kaay.de\/wp-content\/uploads\/2023\/01\/Verbindung_Strich_cropped-300x20.png 300w, https:\/\/www.project-kaay.de\/wp-content\/uploads\/2023\/01\/Verbindung_Strich_cropped-1024x70.png 1024w, https:\/\/www.project-kaay.de\/wp-content\/uploads\/2023\/01\/Verbindung_Strich_cropped.png 1158w\" sizes=\"auto, (max-width: 768px) 100vw, 768px\" \/>\t\t\t\t\t\t\t\t\t\t\t\t\t\t\t<\/div>\n\t\t\t\t<\/div>\n\t\t\t\t\t<\/div>\n\t\t<\/div>\n\t\t\t\t\t\t\t<\/div>\n\t\t<\/section>\n\t\t\t\t<section class=\"elementor-section elementor-top-section elementor-element elementor-element-7b9da32 elementor-section-boxed elementor-section-height-default elementor-section-height-default\" data-id=\"7b9da32\" data-element_type=\"section\" data-settings=\"{&quot;background_background&quot;:&quot;classic&quot;}\">\n\t\t\t\t\t\t<div class=\"elementor-container elementor-column-gap-default\">\n\t\t\t\t\t<div class=\"elementor-column elementor-col-100 elementor-top-column elementor-element elementor-element-aca4ea6\" data-id=\"aca4ea6\" data-element_type=\"column\">\n\t\t\t<div class=\"elementor-widget-wrap elementor-element-populated\">\n\t\t\t\t\t\t\t\t<div class=\"elementor-element elementor-element-f36b1d9 elementor-widget elementor-widget-text-editor\" data-id=\"f36b1d9\" data-element_type=\"widget\" data-widget_type=\"text-editor.default\">\n\t\t\t\t<div class=\"elementor-widget-container\">\n\t\t\t<style>\/*! elementor - v3.8.1 - 13-11-2022 *\/\n.elementor-widget-text-editor.elementor-drop-cap-view-stacked .elementor-drop-cap{background-color:#818a91;color:#fff}.elementor-widget-text-editor.elementor-drop-cap-view-framed .elementor-drop-cap{color:#818a91;border:3px solid;background-color:transparent}.elementor-widget-text-editor:not(.elementor-drop-cap-view-default) .elementor-drop-cap{margin-top:8px}.elementor-widget-text-editor:not(.elementor-drop-cap-view-default) .elementor-drop-cap-letter{width:1em;height:1em}.elementor-widget-text-editor .elementor-drop-cap{float:left;text-align:center;line-height:1;font-size:50px}.elementor-widget-text-editor .elementor-drop-cap-letter{display:inline-block}<\/style>\t\t\t\t<p class=\"p1\">One summer evening on the rooftop of their childhood home the brother Max and Julian \u2013 both one malt beer in their hand \u2013 decided to fuse their passions and start a joint project. Out of the urge to create something and work together artistically, the project KAAY is born!<\/p>\t\t\t\t\t\t<\/div>\n\t\t\t\t<\/div>\n\t\t\t\t<div class=\"elementor-element elementor-element-2741e83 elementor-widget elementor-widget-heading\" data-id=\"2741e83\" data-element_type=\"widget\" data-widget_type=\"heading.default\">\n\t\t\t\t<div class=\"elementor-widget-container\">\n\t\t\t<h2 class=\"elementor-heading-title elementor-size-default\">Julian<\/h2>\t\t<\/div>\n\t\t\t\t<\/div>\n\t\t\t\t<section class=\"elementor-section elementor-inner-section elementor-element elementor-element-103d0b9 elementor-section-boxed elementor-section-height-default elementor-section-height-default\" data-id=\"103d0b9\" data-element_type=\"section\">\n\t\t\t\t\t\t<div class=\"elementor-container elementor-column-gap-default\">\n\t\t\t\t\t<div class=\"elementor-column elementor-col-50 elementor-inner-column elementor-element elementor-element-97bf4f9\" data-id=\"97bf4f9\" data-element_type=\"column\">\n\t\t\t<div class=\"elementor-widget-wrap elementor-element-populated\">\n\t\t\t\t\t\t\t\t<div class=\"elementor-element elementor-element-fa71152 elementor-widget elementor-widget-image\" data-id=\"fa71152\" data-element_type=\"widget\" data-widget_type=\"image.default\">\n\t\t\t\t<div class=\"elementor-widget-container\">\n\t\t\t\t\t\t\t\t\t\t\t\t\t\t\t<img loading=\"lazy\" decoding=\"async\" width=\"768\" height=\"522\" src=\"https:\/\/www.project-kaay.de\/wp-content\/uploads\/2022\/12\/Portrait_Julian-768x522.jpg\" class=\"attachment-medium_large size-medium_large\" alt=\"\" srcset=\"https:\/\/www.project-kaay.de\/wp-content\/uploads\/2022\/12\/Portrait_Julian-768x522.jpg 768w, https:\/\/www.project-kaay.de\/wp-content\/uploads\/2022\/12\/Portrait_Julian-300x204.jpg 300w, https:\/\/www.project-kaay.de\/wp-content\/uploads\/2022\/12\/Portrait_Julian-1024x696.jpg 1024w, https:\/\/www.project-kaay.de\/wp-content\/uploads\/2022\/12\/Portrait_Julian.jpg 1341w\" sizes=\"auto, (max-width: 768px) 100vw, 768px\" \/>\t\t\t\t\t\t\t\t\t\t\t\t\t\t\t<\/div>\n\t\t\t\t<\/div>\n\t\t\t\t<div class=\"elementor-element elementor-element-ce36b83 elementor-align-center elementor-widget elementor-widget-button\" data-id=\"ce36b83\" data-element_type=\"widget\" data-widget_type=\"button.default\">\n\t\t\t\t<div class=\"elementor-widget-container\">\n\t\t\t\t\t<div class=\"elementor-button-wrapper\">\n\t\t\t<a href=\"https:\/\/julianblumartist.myportfolio.com\" class=\"elementor-button-link elementor-button elementor-size-sm elementor-animation-grow\" role=\"button\">\n\t\t\t\t\t\t<span class=\"elementor-button-content-wrapper\">\n\t\t\t\t\t\t\t<span class=\"elementor-button-icon elementor-align-icon-right\">\n\t\t\t\t<i aria-hidden=\"true\" class=\"far fa-arrow-alt-circle-right\"><\/i>\t\t\t<\/span>\n\t\t\t\t\t\t<span class=\"elementor-button-text\">JULIAN'S PORTFOLIO<\/span>\n\t\t<\/span>\n\t\t\t\t\t<\/a>\n\t\t<\/div>\n\t\t\t\t<\/div>\n\t\t\t\t<\/div>\n\t\t\t\t\t<\/div>\n\t\t<\/div>\n\t\t\t\t<div class=\"elementor-column elementor-col-50 elementor-inner-column elementor-element elementor-element-efe6583\" data-id=\"efe6583\" data-element_type=\"column\">\n\t\t\t<div class=\"elementor-widget-wrap elementor-element-populated\">\n\t\t\t\t\t\t\t\t<div class=\"elementor-element elementor-element-3c1f6b1 elementor-widget elementor-widget-text-editor\" data-id=\"3c1f6b1\" data-element_type=\"widget\" data-widget_type=\"text-editor.default\">\n\t\t\t\t<div class=\"elementor-widget-container\">\n\t\t\t\t\t\t\t<p>Julian (born in 1994 in Wertheim, Germany) started his artistic journey in Cologne \u2013 parallel to his studies at the German Sports University \u2013 through intensive encounters and projects in the sphere of contemporary circus. After achieving his sports bachelor, Julian began his studies at The Superior School of Circus Arts (ESAC) in Brussels and graduated in June 2021. Since then he is working the project KAAY with his Brother, founds the circus label \"Raumfuerzirkus\" and ist part of the belgian circus company \"Soif Totale\". <br \/>In seiner k\u00fcnstlerischen &amp; akrobatischen T\u00e4tigkeit liegt sein Fokus auf verschiedenen (Zirkus)Disziplinen, wie Chinesischer Mast, Partnerakrobatik, Akrobatik, Schleuderbrett und Tanz.<span class=\"Apple-converted-space\">\u00a0<\/span><\/p>\t\t\t\t\t\t<\/div>\n\t\t\t\t<\/div>\n\t\t\t\t\t<\/div>\n\t\t<\/div>\n\t\t\t\t\t\t\t<\/div>\n\t\t<\/section>\n\t\t\t\t\t<\/div>\n\t\t<\/div>\n\t\t\t\t\t\t\t<\/div>\n\t\t<\/section>\n\t\t\t\t<section class=\"elementor-section elementor-top-section elementor-element elementor-element-5f07057 elementor-section-boxed elementor-section-height-default elementor-section-height-default\" data-id=\"5f07057\" data-element_type=\"section\" data-settings=\"{&quot;background_background&quot;:&quot;classic&quot;}\">\n\t\t\t\t\t\t<div class=\"elementor-container elementor-column-gap-default\">\n\t\t\t\t\t<div class=\"elementor-column elementor-col-100 elementor-top-column elementor-element elementor-element-9b2fb01\" data-id=\"9b2fb01\" data-element_type=\"column\">\n\t\t\t<div class=\"elementor-widget-wrap elementor-element-populated\">\n\t\t\t\t\t\t\t\t<div class=\"elementor-element elementor-element-efbe7a3 elementor-widget elementor-widget-heading\" data-id=\"efbe7a3\" data-element_type=\"widget\" data-widget_type=\"heading.default\">\n\t\t\t\t<div class=\"elementor-widget-container\">\n\t\t\t<h2 class=\"elementor-heading-title elementor-size-default\">Nele<\/h2>\t\t<\/div>\n\t\t\t\t<\/div>\n\t\t\t\t<section class=\"elementor-section elementor-inner-section elementor-element elementor-element-139c644 elementor-section-boxed elementor-section-height-default elementor-section-height-default\" data-id=\"139c644\" data-element_type=\"section\">\n\t\t\t\t\t\t<div class=\"elementor-container elementor-column-gap-default\">\n\t\t\t\t\t<div class=\"elementor-column elementor-col-50 elementor-inner-column elementor-element elementor-element-2e4fbcb\" data-id=\"2e4fbcb\" data-element_type=\"column\">\n\t\t\t<div class=\"elementor-widget-wrap elementor-element-populated\">\n\t\t\t\t\t\t\t\t<div class=\"elementor-element elementor-element-01f6db6 elementor-widget elementor-widget-image\" data-id=\"01f6db6\" data-element_type=\"widget\" data-widget_type=\"image.default\">\n\t\t\t\t<div class=\"elementor-widget-container\">\n\t\t\t\t\t\t\t\t\t\t\t\t\t\t\t<img loading=\"lazy\" decoding=\"async\" width=\"768\" height=\"522\" src=\"https:\/\/www.project-kaay.de\/wp-content\/uploads\/2026\/01\/Nele-768x522.jpg\" class=\"attachment-medium_large size-medium_large\" alt=\"\" srcset=\"https:\/\/www.project-kaay.de\/wp-content\/uploads\/2026\/01\/Nele-768x522.jpg 768w, https:\/\/www.project-kaay.de\/wp-content\/uploads\/2026\/01\/Nele-300x204.jpg 300w, https:\/\/www.project-kaay.de\/wp-content\/uploads\/2026\/01\/Nele-1024x696.jpg 1024w, https:\/\/www.project-kaay.de\/wp-content\/uploads\/2026\/01\/Nele-18x12.jpg 18w, https:\/\/www.project-kaay.de\/wp-content\/uploads\/2026\/01\/Nele.jpg 1341w\" sizes=\"auto, (max-width: 768px) 100vw, 768px\" \/>\t\t\t\t\t\t\t\t\t\t\t\t\t\t\t<\/div>\n\t\t\t\t<\/div>\n\t\t\t\t\t<\/div>\n\t\t<\/div>\n\t\t\t\t<div class=\"elementor-column elementor-col-50 elementor-inner-column elementor-element elementor-element-15911f5\" data-id=\"15911f5\" data-element_type=\"column\">\n\t\t\t<div class=\"elementor-widget-wrap elementor-element-populated\">\n\t\t\t\t\t\t\t\t<div class=\"elementor-element elementor-element-f18a8b7 elementor-widget elementor-widget-text-editor\" data-id=\"f18a8b7\" data-element_type=\"widget\" data-widget_type=\"text-editor.default\">\n\t\t\t\t<div class=\"elementor-widget-container\">\n\t\t\t\t\t\t\t<p class=\"p1\">Nele begann 2016 ihr Studium in Theater-, Film- und Medienwissenschaft in Wien. Den theaterwissenschaftlichen Schwerpunkt \u00fcbernahm sie auch in ihrem folgenden Masterstudium \u201eZeitgeschichte und Medien\u201c. In der Zeit in Wien war sie am Wiener Volkstheater bei der Organisation eines Theaterfestivals involviert sowie im Entwerfen und Durchf\u00fchren theaterp\u00e4dagogischer Workshops. Neben dem Studium setzte sie mehrere kleine Film- und Fotografieprojekte um. Die Zusammenarbeit mit Max und Julian begann damit, die Show der zwei Br\u00fcder \u201eKAAY\u201c in ein Buchformat zu verarbeiten. Sp\u00e4ter \u00fcbernahm sie regief\u00fchrende sowie dramaturgische Aufgaben in der \u00dcberarbeitung und Weiterentwicklung des Projekts. Ihre thematischen Schwerpunkte sind kritische Dekonstruktion und Feminismus.<\/p>\t\t\t\t\t\t<\/div>\n\t\t\t\t<\/div>\n\t\t\t\t\t<\/div>\n\t\t<\/div>\n\t\t\t\t\t\t\t<\/div>\n\t\t<\/section>\n\t\t\t\t\t<\/div>\n\t\t<\/div>\n\t\t\t\t\t\t\t<\/div>\n\t\t<\/section>\n\t\t\t\t<section class=\"elementor-section elementor-top-section elementor-element elementor-element-2354328 elementor-section-boxed elementor-section-height-default elementor-section-height-default\" data-id=\"2354328\" data-element_type=\"section\" data-settings=\"{&quot;background_background&quot;:&quot;classic&quot;}\">\n\t\t\t\t\t\t<div class=\"elementor-container elementor-column-gap-default\">\n\t\t\t\t\t<div class=\"elementor-column elementor-col-100 elementor-top-column elementor-element elementor-element-3e1cbac\" data-id=\"3e1cbac\" data-element_type=\"column\">\n\t\t\t<div class=\"elementor-widget-wrap elementor-element-populated\">\n\t\t\t\t\t\t\t\t<div class=\"elementor-element elementor-element-556a792 elementor-widget elementor-widget-heading\" data-id=\"556a792\" data-element_type=\"widget\" data-widget_type=\"heading.default\">\n\t\t\t\t<div class=\"elementor-widget-container\">\n\t\t\t<h2 class=\"elementor-heading-title elementor-size-default\">Max<\/h2>\t\t<\/div>\n\t\t\t\t<\/div>\n\t\t\t\t<section class=\"elementor-section elementor-inner-section elementor-element elementor-element-53c264e elementor-section-boxed elementor-section-height-default elementor-section-height-default\" data-id=\"53c264e\" data-element_type=\"section\">\n\t\t\t\t\t\t<div class=\"elementor-container elementor-column-gap-default\">\n\t\t\t\t\t<div class=\"elementor-column elementor-col-50 elementor-inner-column elementor-element elementor-element-6d83fa9\" data-id=\"6d83fa9\" data-element_type=\"column\">\n\t\t\t<div class=\"elementor-widget-wrap elementor-element-populated\">\n\t\t\t\t\t\t\t\t<div class=\"elementor-element elementor-element-a0f9991 elementor-widget elementor-widget-image\" data-id=\"a0f9991\" data-element_type=\"widget\" data-widget_type=\"image.default\">\n\t\t\t\t<div class=\"elementor-widget-container\">\n\t\t\t\t\t\t\t\t\t\t\t\t\t\t\t<img loading=\"lazy\" decoding=\"async\" width=\"768\" height=\"523\" src=\"https:\/\/www.project-kaay.de\/wp-content\/uploads\/2022\/12\/Portrait_Max-768x523.jpg\" class=\"attachment-medium_large size-medium_large\" alt=\"\" srcset=\"https:\/\/www.project-kaay.de\/wp-content\/uploads\/2022\/12\/Portrait_Max-768x523.jpg 768w, https:\/\/www.project-kaay.de\/wp-content\/uploads\/2022\/12\/Portrait_Max-300x204.jpg 300w, https:\/\/www.project-kaay.de\/wp-content\/uploads\/2022\/12\/Portrait_Max.jpg 780w\" sizes=\"auto, (max-width: 768px) 100vw, 768px\" \/>\t\t\t\t\t\t\t\t\t\t\t\t\t\t\t<\/div>\n\t\t\t\t<\/div>\n\t\t\t\t<div class=\"elementor-element elementor-element-b749c38 elementor-align-center elementor-widget elementor-widget-button\" data-id=\"b749c38\" data-element_type=\"widget\" data-widget_type=\"button.default\">\n\t\t\t\t<div class=\"elementor-widget-container\">\n\t\t\t\t\t<div class=\"elementor-button-wrapper\">\n\t\t\t<a href=\"https:\/\/maxblumdesign.de\/portfolio\/\" class=\"elementor-button-link elementor-button elementor-size-sm elementor-animation-grow\" role=\"button\">\n\t\t\t\t\t\t<span class=\"elementor-button-content-wrapper\">\n\t\t\t\t\t\t\t<span class=\"elementor-button-icon elementor-align-icon-right\">\n\t\t\t\t<i aria-hidden=\"true\" class=\"far fa-arrow-alt-circle-right\"><\/i>\t\t\t<\/span>\n\t\t\t\t\t\t<span class=\"elementor-button-text\">MAX'S PORTFOLIO<\/span>\n\t\t<\/span>\n\t\t\t\t\t<\/a>\n\t\t<\/div>\n\t\t\t\t<\/div>\n\t\t\t\t<\/div>\n\t\t\t\t\t<\/div>\n\t\t<\/div>\n\t\t\t\t<div class=\"elementor-column elementor-col-50 elementor-inner-column elementor-element elementor-element-690813b\" data-id=\"690813b\" data-element_type=\"column\">\n\t\t\t<div class=\"elementor-widget-wrap elementor-element-populated\">\n\t\t\t\t\t\t\t\t<div class=\"elementor-element elementor-element-2dbe5df elementor-widget elementor-widget-text-editor\" data-id=\"2dbe5df\" data-element_type=\"widget\" data-widget_type=\"text-editor.default\">\n\t\t\t\t<div class=\"elementor-widget-container\">\n\t\t\t\t\t\t\t<p>The sea of inner thoughts never rests. To examine them, discuss them, carry them to his surroundings there is only the artistic way. When he was 13, Max (born 1998 in Wertheim, Germany) started making music \u2013 producing, writing and singing.\nWith his film studies at the University of Applied Sciences Salzburg he widens his artistic path by the medium of visual expression. During his time there Max creates four music videos, one short film and one animated shortfilm as a screen writer, director and producer.\nHis passion for photography accompanies him this whole time. His work \"Money\/Time\/Perspective\" is chosen for an exhibition at the Eboran Galery in Salzburg in 2020. For KAAY, Max created 5 new songs.<\/p>\t\t\t\t\t\t<\/div>\n\t\t\t\t<\/div>\n\t\t\t\t\t<\/div>\n\t\t<\/div>\n\t\t\t\t\t\t\t<\/div>\n\t\t<\/section>\n\t\t\t\t\t<\/div>\n\t\t<\/div>\n\t\t\t\t\t\t\t<\/div>\n\t\t<\/section>\n\t\t\t\t<section class=\"elementor-section elementor-top-section elementor-element elementor-element-67b41ea elementor-section-boxed elementor-section-height-default elementor-section-height-default\" data-id=\"67b41ea\" data-element_type=\"section\" data-settings=\"{&quot;background_background&quot;:&quot;classic&quot;}\">\n\t\t\t\t\t\t<div class=\"elementor-container elementor-column-gap-default\">\n\t\t\t\t\t<div class=\"elementor-column elementor-col-50 elementor-top-column elementor-element elementor-element-9db78f8\" data-id=\"9db78f8\" data-element_type=\"column\">\n\t\t\t<div class=\"elementor-widget-wrap elementor-element-populated\">\n\t\t\t\t\t\t\t\t<div class=\"elementor-element elementor-element-d045132 elementor-widget elementor-widget-heading\" data-id=\"d045132\" data-element_type=\"widget\" data-widget_type=\"heading.default\">\n\t\t\t\t<div class=\"elementor-widget-container\">\n\t\t\t<h2 class=\"elementor-heading-title elementor-size-default\">KAAY - the Album<\/h2>\t\t<\/div>\n\t\t\t\t<\/div>\n\t\t\t\t<div class=\"elementor-element elementor-element-f18b16a elementor-widget elementor-widget-text-editor\" data-id=\"f18b16a\" data-element_type=\"widget\" data-widget_type=\"text-editor.default\">\n\t\t\t\t<div class=\"elementor-widget-container\">\n\t\t\t\t\t\t\t<div style=\"caret-color: #000000; color: #000000;\" title=\"Page 2\"><div title=\"Page 2\"><div class=\"page\" title=\"Page 3\"><div class=\"layoutArea\"><div class=\"column\"><p>The songs which were specifically made for KAAY are available on all music platforms.\u00a0<\/p><\/div><\/div><\/div><\/div><\/div>\t\t\t\t\t\t<\/div>\n\t\t\t\t<\/div>\n\t\t\t\t<div class=\"elementor-element elementor-element-9dab3cd elementor-align-center elementor-widget elementor-widget-button\" data-id=\"9dab3cd\" data-element_type=\"widget\" data-widget_type=\"button.default\">\n\t\t\t\t<div class=\"elementor-widget-container\">\n\t\t\t\t\t<div class=\"elementor-button-wrapper\">\n\t\t\t<a href=\"https:\/\/linktr.ee\/mrmaxblum\" target=\"_blank\" class=\"elementor-button-link elementor-button elementor-size-sm elementor-animation-grow\" role=\"button\">\n\t\t\t\t\t\t<span class=\"elementor-button-content-wrapper\">\n\t\t\t\t\t\t\t<span class=\"elementor-button-icon elementor-align-icon-right\">\n\t\t\t\t<i aria-hidden=\"true\" class=\"far fa-arrow-alt-circle-right\"><\/i>\t\t\t<\/span>\n\t\t\t\t\t\t<span class=\"elementor-button-text\">LISTEN NOW<\/span>\n\t\t<\/span>\n\t\t\t\t\t<\/a>\n\t\t<\/div>\n\t\t\t\t<\/div>\n\t\t\t\t<\/div>\n\t\t\t\t\t<\/div>\n\t\t<\/div>\n\t\t\t\t<div class=\"elementor-column elementor-col-50 elementor-top-column elementor-element elementor-element-b7344b4\" data-id=\"b7344b4\" data-element_type=\"column\">\n\t\t\t<div class=\"elementor-widget-wrap elementor-element-populated\">\n\t\t\t\t\t\t\t\t<div class=\"elementor-element elementor-element-ff91c62 elementor-widget elementor-widget-html\" data-id=\"ff91c62\" data-element_type=\"widget\" data-widget_type=\"html.default\">\n\t\t\t\t<div class=\"elementor-widget-container\">\n\t\t\t<iframe style=\"border-radius:12px\" src=\"https:\/\/open.spotify.com\/embed\/album\/5ZYZzTowPqMBrRSaSdEjsc?utm_source=generator\" width=\"100%\" height=\"380\" frameborder=\"0\" allowfullscreen=\"\" allow=\"autoplay; clipboard-write; encrypted-media; fullscreen; picture-in-picture\" loading=\"lazy\"><\/iframe>\t\t<\/div>\n\t\t\t\t<\/div>\n\t\t\t\t\t<\/div>\n\t\t<\/div>\n\t\t\t\t\t\t\t<\/div>\n\t\t<\/section>\n\t\t\t\t\t\t\t<\/div>","protected":false},"excerpt":{"rendered":"<p>WIR In einer lauen Sommernacht auf dem Dach des Elternhauses \u2013 je ein Malzbier in der Hand \u2013 beschlossen die beiden Br\u00fcder Max &amp; Julian Blum ihre Leidenschaften zu verbinden und ein gemeinsames Projekt zu starten. Aus dem Drang etwas zu erschaffen und zusammen k\u00fcnstlerisch zu arbeiten, entstand das Projekt KAAY! Julian JULIAN&#8217;S PORTFOLIO Julian &hellip;<\/p>\n<p class=\"read-more\"> <a class=\"\" href=\"https:\/\/www.project-kaay.de\/en\/wir\/\"> <span class=\"screen-reader-text\">We<\/span> Read More &raquo;<\/a><\/p>","protected":false},"author":1,"featured_media":0,"parent":0,"menu_order":0,"comment_status":"closed","ping_status":"closed","template":"","meta":{"site-sidebar-layout":"no-sidebar","site-content-layout":"page-builder","ast-global-header-display":"","ast-main-header-display":"","ast-hfb-above-header-display":"","ast-hfb-below-header-display":"","ast-hfb-mobile-header-display":"","site-post-title":"disabled","ast-breadcrumbs-content":"","ast-featured-img":"disabled","footer-sml-layout":"","theme-transparent-header-meta":"","adv-header-id-meta":"","stick-header-meta":"","header-above-stick-meta":"","header-main-stick-meta":"","header-below-stick-meta":"","footnotes":""},"class_list":["post-1205","page","type-page","status-publish","hentry"],"_links":{"self":[{"href":"https:\/\/www.project-kaay.de\/en\/wp-json\/wp\/v2\/pages\/1205","targetHints":{"allow":["GET"]}}],"collection":[{"href":"https:\/\/www.project-kaay.de\/en\/wp-json\/wp\/v2\/pages"}],"about":[{"href":"https:\/\/www.project-kaay.de\/en\/wp-json\/wp\/v2\/types\/page"}],"author":[{"embeddable":true,"href":"https:\/\/www.project-kaay.de\/en\/wp-json\/wp\/v2\/users\/1"}],"replies":[{"embeddable":true,"href":"https:\/\/www.project-kaay.de\/en\/wp-json\/wp\/v2\/comments?post=1205"}],"version-history":[{"count":64,"href":"https:\/\/www.project-kaay.de\/en\/wp-json\/wp\/v2\/pages\/1205\/revisions"}],"predecessor-version":[{"id":1895,"href":"https:\/\/www.project-kaay.de\/en\/wp-json\/wp\/v2\/pages\/1205\/revisions\/1895"}],"wp:attachment":[{"href":"https:\/\/www.project-kaay.de\/en\/wp-json\/wp\/v2\/media?parent=1205"}],"curies":[{"name":"wp","href":"https:\/\/api.w.org\/{rel}","templated":true}]}}